{"id":3963,"date":"2023-01-26T14:12:36","date_gmt":"2023-01-26T13:12:36","guid":{"rendered":"https:\/\/www.tondointeractive.com\/lance8\/?post_type=product&#038;p=3963"},"modified":"2023-01-28T22:47:36","modified_gmt":"2023-01-28T21:47:36","slug":"elizabeth-the-first-compilation","status":"publish","type":"product","link":"http:\/\/www.tondointeractive.com\/lance8\/produit\/elizabeth-the-first-compilation\/","title":{"rendered":"ELIZABETH THE FIRST COMPILATION"},"content":{"rendered":"<p class=\"p5\"><span class=\"s1\"><i>Publi\u00e9 le 24 janvier 2023, journ\u00e9e internationale de l\u2019\u00e9ducation.<\/i><\/span><\/p>\n<p class=\"p5\"><span class=\"s1\"><i> \u00c9dit\u00e9 par le centre culturel italo-fran\u00e7ais Claude Louis Piachaud.<\/i><\/span><\/p>\n<p class=\"p5\"><span class=\"s1\"><i>Produit par Vincent Tondo, compositeur, interpr\u00e8te et metteur en chanson de po\u00e8mes.<\/i><\/span><\/p>\n<p class=\"p5\"><span class=\"s1\"><i>R\u00e9alisation technique : Antoine-Guillaume Tondo.<\/i><\/span><\/p>\n<p class=\"p5\"><span class=\"s1\"><i>Existe en version audio.<\/i><\/span><\/p>\n<p class=\"p8\"><span class=\"s1\">ISBN 978-2-492071-06-5<\/span><\/p>\n","protected":false},"excerpt":{"rendered":"<p>Publi\u00e9 le 24 janvier 2023, journ\u00e9e internationale de l\u2019\u00e9ducation. \u00c9dit\u00e9 par le centre culturel italo-fran\u00e7ais Claude Louis Piachaud. Produit par Vincent Tondo, compositeur, interpr\u00e8te et metteur en chanson de po\u00e8mes. R\u00e9alisation technique : Antoine-Guillaume Tondo. Existe en version audio. ISBN 978-2-492071-06-5<\/p>\n","protected":false},"featured_media":3964,"comment_status":"open","ping_status":"closed","template":"","meta":[],"product_cat":[75],"product_tag":[],"yoast_head":"<!-- This site is optimized with the Yoast SEO plugin v18.0 - https:\/\/yoast.com\/wordpress\/plugins\/seo\/ -->\n<meta name=\"robots\" content=\"index, follow, max-snippet:-1, max-image-preview:large, max-video-preview:-1\" \/>\n<link rel=\"canonical\" href=\"http:\/\/www.tondointeractive.com\/lance8\/produit\/elizabeth-the-first-compilation\/\" \/>\n<meta property=\"og:locale\" content=\"fr_FR\" \/>\n<meta property=\"og:type\" content=\"article\" \/>\n<meta property=\"og:title\" content=\"ELIZABETH THE FIRST COMPILATION - Centre culturel italo-fran\u00e7ais\" \/>\n<meta property=\"og:description\" content=\"Publi\u00e9 le 24 janvier 2023, journ\u00e9e internationale de l\u2019\u00e9ducation. \u00c9dit\u00e9 par le centre culturel italo-fran\u00e7ais Claude Louis Piachaud. Produit par Vincent Tondo, compositeur, interpr\u00e8te et metteur en chanson de po\u00e8mes. R\u00e9alisation technique : Antoine-Guillaume Tondo. Existe en version audio. ISBN 978-2-492071-06-5\" \/>\n<meta property=\"og:url\" content=\"http:\/\/www.tondointeractive.com\/lance8\/produit\/elizabeth-the-first-compilation\/\" \/>\n<meta property=\"og:site_name\" content=\"Centre culturel italo-fran\u00e7ais\" \/>\n<meta property=\"article:modified_time\" content=\"2023-01-28T21:47:36+00:00\" \/>\n<meta property=\"og:image\" content=\"http:\/\/www.tondointeractive.com\/lance8\/wp-content\/uploads\/ELIZABETH-THE-FIRST-COMPILATION.png\" \/>\n\t<meta property=\"og:image:width\" content=\"758\" \/>\n\t<meta property=\"og:image:height\" content=\"1072\" \/>\n\t<meta property=\"og:image:type\" content=\"image\/png\" \/>\n<meta name=\"twitter:card\" content=\"summary_large_image\" \/>\n<meta name=\"twitter:label1\" content=\"Dur\u00e9e de lecture estim\u00e9e\" \/>\n\t<meta name=\"twitter:data1\" content=\"1 minute\" \/>\n<script type=\"application\/ld+json\" class=\"yoast-schema-graph\">{\"@context\":\"https:\/\/schema.org\",\"@graph\":[{\"@type\":\"WebSite\",\"@id\":\"http:\/\/www.tondointeractive.com\/lance8\/#website\",\"url\":\"http:\/\/www.tondointeractive.com\/lance8\/\",\"name\":\"Centre culturel italo-fran\u00e7ais\",\"description\":\"\",\"potentialAction\":[{\"@type\":\"SearchAction\",\"target\":{\"@type\":\"EntryPoint\",\"urlTemplate\":\"http:\/\/www.tondointeractive.com\/lance8\/?s={search_term_string}\"},\"query-input\":\"required name=search_term_string\"}],\"inLanguage\":\"fr-FR\"},{\"@type\":\"ImageObject\",\"@id\":\"http:\/\/www.tondointeractive.com\/lance8\/produit\/elizabeth-the-first-compilation\/#primaryimage\",\"inLanguage\":\"fr-FR\",\"url\":\"http:\/\/www.tondointeractive.com\/lance8\/wp-content\/uploads\/ELIZABETH-THE-FIRST-COMPILATION.png\",\"contentUrl\":\"http:\/\/www.tondointeractive.com\/lance8\/wp-content\/uploads\/ELIZABETH-THE-FIRST-COMPILATION.png\",\"width\":758,\"height\":1072},{\"@type\":\"WebPage\",\"@id\":\"http:\/\/www.tondointeractive.com\/lance8\/produit\/elizabeth-the-first-compilation\/#webpage\",\"url\":\"http:\/\/www.tondointeractive.com\/lance8\/produit\/elizabeth-the-first-compilation\/\",\"name\":\"ELIZABETH THE FIRST COMPILATION - Centre culturel italo-fran\u00e7ais\",\"isPartOf\":{\"@id\":\"http:\/\/www.tondointeractive.com\/lance8\/#website\"},\"primaryImageOfPage\":{\"@id\":\"http:\/\/www.tondointeractive.com\/lance8\/produit\/elizabeth-the-first-compilation\/#primaryimage\"},\"datePublished\":\"2023-01-26T13:12:36+00:00\",\"dateModified\":\"2023-01-28T21:47:36+00:00\",\"breadcrumb\":{\"@id\":\"http:\/\/www.tondointeractive.com\/lance8\/produit\/elizabeth-the-first-compilation\/#breadcrumb\"},\"inLanguage\":\"fr-FR\",\"potentialAction\":[{\"@type\":\"ReadAction\",\"target\":[\"http:\/\/www.tondointeractive.com\/lance8\/produit\/elizabeth-the-first-compilation\/\"]}]},{\"@type\":\"BreadcrumbList\",\"@id\":\"http:\/\/www.tondointeractive.com\/lance8\/produit\/elizabeth-the-first-compilation\/#breadcrumb\",\"itemListElement\":[{\"@type\":\"ListItem\",\"position\":1,\"name\":\"Accueil\",\"item\":\"http:\/\/www.tondointeractive.com\/lance8\/\"},{\"@type\":\"ListItem\",\"position\":2,\"name\":\"Boutique\",\"item\":\"http:\/\/www.tondointeractive.com\/lance8\/\"},{\"@type\":\"ListItem\",\"position\":3,\"name\":\"ELIZABETH THE FIRST COMPILATION\"}]}]}<\/script>\n<!-- \/ Yoast SEO plugin. -->","yoast_head_json":{"robots":{"index":"index","follow":"follow","max-snippet":"max-snippet:-1","max-image-preview":"max-image-preview:large","max-video-preview":"max-video-preview:-1"},"canonical":"http:\/\/www.tondointeractive.com\/lance8\/produit\/elizabeth-the-first-compilation\/","og_locale":"fr_FR","og_type":"article","og_title":"ELIZABETH THE FIRST COMPILATION - Centre culturel italo-fran\u00e7ais","og_description":"Publi\u00e9 le 24 janvier 2023, journ\u00e9e internationale de l\u2019\u00e9ducation. \u00c9dit\u00e9 par le centre culturel italo-fran\u00e7ais Claude Louis Piachaud. Produit par Vincent Tondo, compositeur, interpr\u00e8te et metteur en chanson de po\u00e8mes. R\u00e9alisation technique : Antoine-Guillaume Tondo. Existe en version audio. ISBN 978-2-492071-06-5","og_url":"http:\/\/www.tondointeractive.com\/lance8\/produit\/elizabeth-the-first-compilation\/","og_site_name":"Centre culturel italo-fran\u00e7ais","article_modified_time":"2023-01-28T21:47:36+00:00","og_image":[{"width":758,"height":1072,"url":"http:\/\/www.tondointeractive.com\/lance8\/wp-content\/uploads\/ELIZABETH-THE-FIRST-COMPILATION.png","type":"image\/png"}],"twitter_card":"summary_large_image","twitter_misc":{"Dur\u00e9e de lecture estim\u00e9e":"1 minute"},"schema":{"@context":"https:\/\/schema.org","@graph":[{"@type":"WebSite","@id":"http:\/\/www.tondointeractive.com\/lance8\/#website","url":"http:\/\/www.tondointeractive.com\/lance8\/","name":"Centre culturel italo-fran\u00e7ais","description":"","potentialAction":[{"@type":"SearchAction","target":{"@type":"EntryPoint","urlTemplate":"http:\/\/www.tondointeractive.com\/lance8\/?s={search_term_string}"},"query-input":"required name=search_term_string"}],"inLanguage":"fr-FR"},{"@type":"ImageObject","@id":"http:\/\/www.tondointeractive.com\/lance8\/produit\/elizabeth-the-first-compilation\/#primaryimage","inLanguage":"fr-FR","url":"http:\/\/www.tondointeractive.com\/lance8\/wp-content\/uploads\/ELIZABETH-THE-FIRST-COMPILATION.png","contentUrl":"http:\/\/www.tondointeractive.com\/lance8\/wp-content\/uploads\/ELIZABETH-THE-FIRST-COMPILATION.png","width":758,"height":1072},{"@type":"WebPage","@id":"http:\/\/www.tondointeractive.com\/lance8\/produit\/elizabeth-the-first-compilation\/#webpage","url":"http:\/\/www.tondointeractive.com\/lance8\/produit\/elizabeth-the-first-compilation\/","name":"ELIZABETH THE FIRST COMPILATION - Centre culturel italo-fran\u00e7ais","isPartOf":{"@id":"http:\/\/www.tondointeractive.com\/lance8\/#website"},"primaryImageOfPage":{"@id":"http:\/\/www.tondointeractive.com\/lance8\/produit\/elizabeth-the-first-compilation\/#primaryimage"},"datePublished":"2023-01-26T13:12:36+00:00","dateModified":"2023-01-28T21:47:36+00:00","breadcrumb":{"@id":"http:\/\/www.tondointeractive.com\/lance8\/produit\/elizabeth-the-first-compilation\/#breadcrumb"},"inLanguage":"fr-FR","potentialAction":[{"@type":"ReadAction","target":["http:\/\/www.tondointeractive.com\/lance8\/produit\/elizabeth-the-first-compilation\/"]}]},{"@type":"BreadcrumbList","@id":"http:\/\/www.tondointeractive.com\/lance8\/produit\/elizabeth-the-first-compilation\/#breadcrumb","itemListElement":[{"@type":"ListItem","position":1,"name":"Accueil","item":"http:\/\/www.tondointeractive.com\/lance8\/"},{"@type":"ListItem","position":2,"name":"Boutique","item":"http:\/\/www.tondointeractive.com\/lance8\/"},{"@type":"ListItem","position":3,"name":"ELIZABETH THE FIRST COMPILATION"}]}]}},"_links":{"self":[{"href":"http:\/\/www.tondointeractive.com\/lance8\/wp-json\/wp\/v2\/product\/3963"}],"collection":[{"href":"http:\/\/www.tondointeractive.com\/lance8\/wp-json\/wp\/v2\/product"}],"about":[{"href":"http:\/\/www.tondointeractive.com\/lance8\/wp-json\/wp\/v2\/types\/product"}],"replies":[{"embeddable":true,"href":"http:\/\/www.tondointeractive.com\/lance8\/wp-json\/wp\/v2\/comments?post=3963"}],"wp:featuredmedia":[{"embeddable":true,"href":"http:\/\/www.tondointeractive.com\/lance8\/wp-json\/wp\/v2\/media\/3964"}],"wp:attachment":[{"href":"http:\/\/www.tondointeractive.com\/lance8\/wp-json\/wp\/v2\/media?parent=3963"}],"wp:term":[{"taxonomy":"product_cat","embeddable":true,"href":"http:\/\/www.tondointeractive.com\/lance8\/wp-json\/wp\/v2\/product_cat?post=3963"},{"taxonomy":"product_tag","embeddable":true,"href":"http:\/\/www.tondointeractive.com\/lance8\/wp-json\/wp\/v2\/product_tag?post=3963"}],"curies":[{"name":"wp","href":"https:\/\/api.w.org\/{rel}","templated":true}]}}