{"id":1208,"date":"2015-02-26T12:08:41","date_gmt":"2015-02-26T11:08:41","guid":{"rendered":"http:\/\/www.tondointeractive.com\/lance8\/?post_type=product&#038;p=1208"},"modified":"2015-05-12T12:39:22","modified_gmt":"2015-05-12T11:39:22","slug":"apprendrepourdecouvrirparis","status":"publish","type":"product","link":"http:\/\/www.tondointeractive.com\/lance8\/produit\/apprendrepourdecouvrirparis\/","title":{"rendered":"10 chansons pour vivre le coeur de Paris \u00e0 distance"},"content":{"rendered":"<p class=\"p1\"><span class=\"quote\">10 chansons pour vivre le coeur de Paris \u00e0 distance<\/span><\/p>\n<p class=\"p1\">Une formation conduisant \u00e0 la r\u00e9alisation d&#8217;un film m\u00e9diatis\u00e9.<br \/>\n\u00c0 propos :<br \/>\n20 heures comprenant 10 modules de 2 heures, s&#8217;adressant \u00e0 un public d&#8217;origine \u00e9trang\u00e8re d\u00e9sireux de ma\u00eetriser la communication dans la vie quotidienne, \u00e0 Paris, ville de la tour Eiffel et de l&#8217;Op\u00e9ra, ville du plus beau r\u00eave d&#8217;origine italienne. \u00a0Le parcours est bas\u00e9 sur le spectacle familial de &#8220;Vincent Dominique Tondo \u00eb Fils&#8221;, un spectacle, choisi par la Mairie de Paris il y a pr\u00e8s de 20 ans, par la Direction des Affaires Scolaires. A la fin de chaque parcours, chaque participant aura en main un dossier d&#8217;images et de textes, sous forme de DVD, lui permettant de lire une histoire, dans laquelle il est protagoniste.<\/p>\n<p><iframe loading=\"lazy\" src=\"\/\/www.dailymotion.com\/embed\/video\/x14lklo\" width=\"640\" height=\"470\" frameborder=\"0\" allowfullscreen=\"allowfullscreen\"><\/iframe><\/p>\n<p class=\"p1\">Chaque s\u00e9ance se d\u00e9roule en quatre temps :<\/p>\n<ol>\n<li class=\"p1\">Vocabulaire<\/li>\n<li class=\"p1\">Grammaire<\/li>\n<li class=\"p1\">Son \/ Phon\u00e9tique<\/li>\n<li class=\"p1\">Culture parisienne<\/li>\n<\/ol>\n<p class=\"p1\"><span class=\"quote\">Organisation en 10 s\u00e9ances de 2 heures, \u00e0 distance, \u00e0 travers les moyens audiovisuels qu&#8217;offre internet, Skype, notamment. Cette formation s&#8217;adresse \u00e0 tous, quelque soit le niveau du participant.<\/span><\/p>\n<p class=\"p1\">&#8211; Co\u00fbt 300 euro.<\/p>\n<p class=\"p1\">\n&#8211; Parmi les chansons originales, liens :<\/p>\n<ul>\n<ul>\n<ul>\n<li class=\"p1\">No\u00e9mie<\/li>\n<\/ul>\n<\/ul>\n<\/ul>\n<p><iframe loading=\"lazy\" src=\"https:\/\/www.youtube.com\/embed\/dwNHcdAVHEo\" width=\"640\" height=\"415\" frameborder=\"0\" allowfullscreen=\"allowfullscreen\"><\/iframe><\/p>\n<ul>\n<ul>\n<ul>\n<li class=\"p1\">A ma taille<\/li>\n<\/ul>\n<\/ul>\n<\/ul>\n<p><iframe loading=\"lazy\" src=\"https:\/\/www.youtube.com\/embed\/udRgzki8Thk\" width=\"640\" height=\"460\" frameborder=\"0\" allowfullscreen=\"allowfullscreen\"><\/iframe><\/p>\n<ul>\n<ul>\n<ul>\n<li class=\"p1\">Tu veux jouer avec moi ?<\/li>\n<\/ul>\n<\/ul>\n<\/ul>\n<p><iframe loading=\"lazy\" src=\"https:\/\/www.youtube.com\/embed\/OL_ghLfyxlU\" width=\"640\" height=\"460\" frameborder=\"0\" allowfullscreen=\"allowfullscreen\"><\/iframe><\/p>\n<ul>\n<li class=\"p1\">Singer You &amp; Me<\/li>\n<\/ul>\n<p><iframe loading=\"lazy\" src=\"https:\/\/www.youtube.com\/embed\/Nst7Z47-7QI\" width=\"640\" height=\"460\" frameborder=\"0\" allowfullscreen=\"allowfullscreen\"><\/iframe><\/p>\n<p>&#8211; Pour \u00e9couter toutes les chansons du programmes et entendre des r\u00e9actions autour de celles-ci, il suffit d&#8217;\u00e9couter NOCK ITALIA RADIO sur \u00e0 travers le r\u00e9seau iTunes. La radio se trouve \u00e0 la rubrique : Classic Rock. Site de la radio : \u00a0<a href=\"http:\/\/www.nockitaliaradio.audio\">www.nockitaliaradio.audio<\/a><\/p>\n<p>Pour acheter les albums produits dans le cadre du projet nomm\u00e9 Vincent DOMINIQUE Tondo \u00eb FILS, t\u00e9l\u00e9charger le bon de commande albums:<\/p>\n<p>www.tondovincent.com\/bondecommande\/catalogue.pdf<\/p>\n<p>Coordonn\u00e9es de la structure\u00a0:<\/p>\n<p>&#8220;Santarella Francesca&#8221;<br \/>\n6 chemin d&#8217;Isly<br \/>\n38100 Grenoble<br \/>\nFrance<br \/>\nTel.: + 33 9 80 74 77 76<\/p>\n<p>Plus d&#8217;informations :<br \/>\nthesouvenirtrain@hotmail.fr<\/p>\n<p><iframe loading=\"lazy\" src=\"http:\/\/quitusais.it\/apprendrepourdecouvrirparis\/\" name=\"apprendrepourdecouvrirparis\" width=\"640\" height=\"240\"><\/iframe><\/p>\n","protected":false},"excerpt":{"rendered":"<p>Une formation conduisant \u00e0 la r\u00e9alisation d&#8217;un film m\u00e9diatis\u00e9. \u00c0 propos : 20 heures comprenant 10 modules de 2 heures, s&#8217;adressant \u00e0 un public d&#8217;origine \u00e9trang\u00e8re d\u00e9sireux de ma\u00eetriser la communication dans la vie quotidienne, \u00e0 Paris, ville de la tour Eiffel et de l&#8217;Op\u00e9ra, ville du plus beau r\u00eave d&#8217;origine italienne. \u00a0Le parcours est [&hellip;]<\/p>\n","protected":false},"featured_media":1243,"comment_status":"open","ping_status":"closed","template":"","meta":[],"product_cat":[52,53,56],"product_tag":[],"yoast_head":"<!-- This site is optimized with the Yoast SEO plugin v18.0 - https:\/\/yoast.com\/wordpress\/plugins\/seo\/ -->\n<meta name=\"robots\" content=\"index, follow, max-snippet:-1, max-image-preview:large, max-video-preview:-1\" \/>\n<link rel=\"canonical\" href=\"http:\/\/www.tondointeractive.com\/lance8\/produit\/apprendrepourdecouvrirparis\/\" \/>\n<meta property=\"og:locale\" content=\"fr_FR\" \/>\n<meta property=\"og:type\" content=\"article\" \/>\n<meta property=\"og:title\" content=\"10 chansons pour vivre le coeur de Paris \u00e0 distance - Centre culturel italo-fran\u00e7ais\" \/>\n<meta property=\"og:description\" content=\"Une formation conduisant \u00e0 la r\u00e9alisation d&#8217;un film m\u00e9diatis\u00e9. \u00c0 propos : 20 heures comprenant 10 modules de 2 heures, s&#8217;adressant \u00e0 un public d&#8217;origine \u00e9trang\u00e8re d\u00e9sireux de ma\u00eetriser la communication dans la vie quotidienne, \u00e0 Paris, ville de la tour Eiffel et de l&#8217;Op\u00e9ra, ville du plus beau r\u00eave d&#8217;origine italienne. \u00a0Le parcours est [&hellip;]\" \/>\n<meta property=\"og:url\" content=\"http:\/\/www.tondointeractive.com\/lance8\/produit\/apprendrepourdecouvrirparis\/\" \/>\n<meta property=\"og:site_name\" content=\"Centre culturel italo-fran\u00e7ais\" \/>\n<meta property=\"article:modified_time\" content=\"2015-05-12T11:39:22+00:00\" \/>\n<meta property=\"og:image\" content=\"http:\/\/www.tondointeractive.com\/lance8\/wp-content\/uploads\/chansonspourdecouvrirlecoeurdeparisadistanceCapture-d\u2019\u00e9cran-2015-03-08-\u00e0-12.23.37v2.jpg\" \/>\n\t<meta property=\"og:image:width\" content=\"1000\" \/>\n\t<meta property=\"og:image:height\" content=\"1000\" \/>\n\t<meta property=\"og:image:type\" content=\"image\/jpeg\" \/>\n<meta name=\"twitter:card\" content=\"summary_large_image\" \/>\n<meta name=\"twitter:label1\" content=\"Dur\u00e9e de lecture estim\u00e9e\" \/>\n\t<meta name=\"twitter:data1\" content=\"1 minute\" \/>\n<script type=\"application\/ld+json\" class=\"yoast-schema-graph\">{\"@context\":\"https:\/\/schema.org\",\"@graph\":[{\"@type\":\"WebSite\",\"@id\":\"http:\/\/www.tondointeractive.com\/lance8\/#website\",\"url\":\"http:\/\/www.tondointeractive.com\/lance8\/\",\"name\":\"Centre culturel italo-fran\u00e7ais\",\"description\":\"\",\"potentialAction\":[{\"@type\":\"SearchAction\",\"target\":{\"@type\":\"EntryPoint\",\"urlTemplate\":\"http:\/\/www.tondointeractive.com\/lance8\/?s={search_term_string}\"},\"query-input\":\"required name=search_term_string\"}],\"inLanguage\":\"fr-FR\"},{\"@type\":\"ImageObject\",\"@id\":\"http:\/\/www.tondointeractive.com\/lance8\/produit\/apprendrepourdecouvrirparis\/#primaryimage\",\"inLanguage\":\"fr-FR\",\"url\":\"http:\/\/www.tondointeractive.com\/lance8\/wp-content\/uploads\/chansonspourdecouvrirlecoeurdeparisadistanceCapture-d\u2019\u00e9cran-2015-03-08-\u00e0-12.23.37v2.jpg\",\"contentUrl\":\"http:\/\/www.tondointeractive.com\/lance8\/wp-content\/uploads\/chansonspourdecouvrirlecoeurdeparisadistanceCapture-d\u2019\u00e9cran-2015-03-08-\u00e0-12.23.37v2.jpg\",\"width\":1000,\"height\":1000},{\"@type\":\"WebPage\",\"@id\":\"http:\/\/www.tondointeractive.com\/lance8\/produit\/apprendrepourdecouvrirparis\/#webpage\",\"url\":\"http:\/\/www.tondointeractive.com\/lance8\/produit\/apprendrepourdecouvrirparis\/\",\"name\":\"10 chansons pour vivre le coeur de Paris \u00e0 distance - Centre culturel italo-fran\u00e7ais\",\"isPartOf\":{\"@id\":\"http:\/\/www.tondointeractive.com\/lance8\/#website\"},\"primaryImageOfPage\":{\"@id\":\"http:\/\/www.tondointeractive.com\/lance8\/produit\/apprendrepourdecouvrirparis\/#primaryimage\"},\"datePublished\":\"2015-02-26T11:08:41+00:00\",\"dateModified\":\"2015-05-12T11:39:22+00:00\",\"breadcrumb\":{\"@id\":\"http:\/\/www.tondointeractive.com\/lance8\/produit\/apprendrepourdecouvrirparis\/#breadcrumb\"},\"inLanguage\":\"fr-FR\",\"potentialAction\":[{\"@type\":\"ReadAction\",\"target\":[\"http:\/\/www.tondointeractive.com\/lance8\/produit\/apprendrepourdecouvrirparis\/\"]}]},{\"@type\":\"BreadcrumbList\",\"@id\":\"http:\/\/www.tondointeractive.com\/lance8\/produit\/apprendrepourdecouvrirparis\/#breadcrumb\",\"itemListElement\":[{\"@type\":\"ListItem\",\"position\":1,\"name\":\"Accueil\",\"item\":\"http:\/\/www.tondointeractive.com\/lance8\/\"},{\"@type\":\"ListItem\",\"position\":2,\"name\":\"Boutique\",\"item\":\"http:\/\/www.tondointeractive.com\/lance8\/\"},{\"@type\":\"ListItem\",\"position\":3,\"name\":\"10 chansons pour vivre le coeur de Paris \u00e0 distance\"}]}]}<\/script>\n<!-- \/ Yoast SEO plugin. -->","yoast_head_json":{"robots":{"index":"index","follow":"follow","max-snippet":"max-snippet:-1","max-image-preview":"max-image-preview:large","max-video-preview":"max-video-preview:-1"},"canonical":"http:\/\/www.tondointeractive.com\/lance8\/produit\/apprendrepourdecouvrirparis\/","og_locale":"fr_FR","og_type":"article","og_title":"10 chansons pour vivre le coeur de Paris \u00e0 distance - Centre culturel italo-fran\u00e7ais","og_description":"Une formation conduisant \u00e0 la r\u00e9alisation d&#8217;un film m\u00e9diatis\u00e9. \u00c0 propos : 20 heures comprenant 10 modules de 2 heures, s&#8217;adressant \u00e0 un public d&#8217;origine \u00e9trang\u00e8re d\u00e9sireux de ma\u00eetriser la communication dans la vie quotidienne, \u00e0 Paris, ville de la tour Eiffel et de l&#8217;Op\u00e9ra, ville du plus beau r\u00eave d&#8217;origine italienne. \u00a0Le parcours est [&hellip;]","og_url":"http:\/\/www.tondointeractive.com\/lance8\/produit\/apprendrepourdecouvrirparis\/","og_site_name":"Centre culturel italo-fran\u00e7ais","article_modified_time":"2015-05-12T11:39:22+00:00","og_image":[{"width":1000,"height":1000,"url":"http:\/\/www.tondointeractive.com\/lance8\/wp-content\/uploads\/chansonspourdecouvrirlecoeurdeparisadistanceCapture-d\u2019\u00e9cran-2015-03-08-\u00e0-12.23.37v2.jpg","type":"image\/jpeg"}],"twitter_card":"summary_large_image","twitter_misc":{"Dur\u00e9e de lecture estim\u00e9e":"1 minute"},"schema":{"@context":"https:\/\/schema.org","@graph":[{"@type":"WebSite","@id":"http:\/\/www.tondointeractive.com\/lance8\/#website","url":"http:\/\/www.tondointeractive.com\/lance8\/","name":"Centre culturel italo-fran\u00e7ais","description":"","potentialAction":[{"@type":"SearchAction","target":{"@type":"EntryPoint","urlTemplate":"http:\/\/www.tondointeractive.com\/lance8\/?s={search_term_string}"},"query-input":"required name=search_term_string"}],"inLanguage":"fr-FR"},{"@type":"ImageObject","@id":"http:\/\/www.tondointeractive.com\/lance8\/produit\/apprendrepourdecouvrirparis\/#primaryimage","inLanguage":"fr-FR","url":"http:\/\/www.tondointeractive.com\/lance8\/wp-content\/uploads\/chansonspourdecouvrirlecoeurdeparisadistanceCapture-d\u2019\u00e9cran-2015-03-08-\u00e0-12.23.37v2.jpg","contentUrl":"http:\/\/www.tondointeractive.com\/lance8\/wp-content\/uploads\/chansonspourdecouvrirlecoeurdeparisadistanceCapture-d\u2019\u00e9cran-2015-03-08-\u00e0-12.23.37v2.jpg","width":1000,"height":1000},{"@type":"WebPage","@id":"http:\/\/www.tondointeractive.com\/lance8\/produit\/apprendrepourdecouvrirparis\/#webpage","url":"http:\/\/www.tondointeractive.com\/lance8\/produit\/apprendrepourdecouvrirparis\/","name":"10 chansons pour vivre le coeur de Paris \u00e0 distance - Centre culturel italo-fran\u00e7ais","isPartOf":{"@id":"http:\/\/www.tondointeractive.com\/lance8\/#website"},"primaryImageOfPage":{"@id":"http:\/\/www.tondointeractive.com\/lance8\/produit\/apprendrepourdecouvrirparis\/#primaryimage"},"datePublished":"2015-02-26T11:08:41+00:00","dateModified":"2015-05-12T11:39:22+00:00","breadcrumb":{"@id":"http:\/\/www.tondointeractive.com\/lance8\/produit\/apprendrepourdecouvrirparis\/#breadcrumb"},"inLanguage":"fr-FR","potentialAction":[{"@type":"ReadAction","target":["http:\/\/www.tondointeractive.com\/lance8\/produit\/apprendrepourdecouvrirparis\/"]}]},{"@type":"BreadcrumbList","@id":"http:\/\/www.tondointeractive.com\/lance8\/produit\/apprendrepourdecouvrirparis\/#breadcrumb","itemListElement":[{"@type":"ListItem","position":1,"name":"Accueil","item":"http:\/\/www.tondointeractive.com\/lance8\/"},{"@type":"ListItem","position":2,"name":"Boutique","item":"http:\/\/www.tondointeractive.com\/lance8\/"},{"@type":"ListItem","position":3,"name":"10 chansons pour vivre le coeur de Paris \u00e0 distance"}]}]}},"_links":{"self":[{"href":"http:\/\/www.tondointeractive.com\/lance8\/wp-json\/wp\/v2\/product\/1208"}],"collection":[{"href":"http:\/\/www.tondointeractive.com\/lance8\/wp-json\/wp\/v2\/product"}],"about":[{"href":"http:\/\/www.tondointeractive.com\/lance8\/wp-json\/wp\/v2\/types\/product"}],"replies":[{"embeddable":true,"href":"http:\/\/www.tondointeractive.com\/lance8\/wp-json\/wp\/v2\/comments?post=1208"}],"wp:featuredmedia":[{"embeddable":true,"href":"http:\/\/www.tondointeractive.com\/lance8\/wp-json\/wp\/v2\/media\/1243"}],"wp:attachment":[{"href":"http:\/\/www.tondointeractive.com\/lance8\/wp-json\/wp\/v2\/media?parent=1208"}],"wp:term":[{"taxonomy":"product_cat","embeddable":true,"href":"http:\/\/www.tondointeractive.com\/lance8\/wp-json\/wp\/v2\/product_cat?post=1208"},{"taxonomy":"product_tag","embeddable":true,"href":"http:\/\/www.tondointeractive.com\/lance8\/wp-json\/wp\/v2\/product_tag?post=1208"}],"curies":[{"name":"wp","href":"https:\/\/api.w.org\/{rel}","templated":true}]}}