{"id":1104,"date":"2014-09-08T10:28:48","date_gmt":"2014-09-08T09:28:48","guid":{"rendered":"http:\/\/www.tondointeractive.com\/lance8\/?post_type=product&#038;p=1104"},"modified":"2024-10-26T03:39:34","modified_gmt":"2024-10-26T02:39:34","slug":"rien-presque-rien","status":"publish","type":"product","link":"http:\/\/www.tondointeractive.com\/lance8\/produit\/rien-presque-rien\/","title":{"rendered":"Rien&#8230; presque rien"},"content":{"rendered":"<p>Animation autour de Luc Ferrari &#8211;\u00a0<a href=\"http:\/\/www.lucferrari.org\/\">www.lucferrari.org<\/a>\u00a0&#8211;\u00a0propos\u00e9e\u00a0\u00e0 Grenoble, dans l&#8217;espace &#8220;Santarella Francesca&#8221;. Dur\u00e9e de l&#8217;animation : 3 heures &#8211; Public : 8 personnes, 45 euro. par personne.<\/p>\n<p>Co\u00fbt global : 360 euro.<\/p>\n<p>&#8211; R\u00e9servation :<br \/>\nthesouvenirtrain@hotmail.fr<br \/>\nTel. depuis la France :<br \/>\n&#8211; 09 80 74 77 76<br \/>\n&#8211; 06 80 86 75 38<br \/>\n&#8211; 06 61 34 90 69<br \/>\nTel. depuis l&#8217;\u00e9tranger\u00a0:<br \/>\n+ 33 (0)9 80 74 77 76<br \/>\n+ 377 (0)6 80 86 75 38<br \/>\n+ 33 (0)6 61 34 90 69<\/p>\n<p>&#8211; Facebook &#8220;RIEN Presque RIEN&#8221;:<br \/>\n<a href=\"https:\/\/www.facebook.com\/lamostraditondovincent?ref=ts&amp;fref=ts\">https:\/\/www.facebook.com\/lamostraditondovincent?ref=ts&amp;fref=ts<\/a><\/p>\n<p>&#8211; Pour \u00e9couter la chanson\u00a0&#8220;Rien&#8230; presque rien&#8221;, \u00e9coutez :\u00a0<a href=\"http:\/\/nockitaliaradio.nock.ca\">nockitaliaradio.nock.ca<\/a>\u00a0(plug-in flash n\u00e9cessaire) et sur<br \/>\n<img loading=\"lazy\" class=\"alignnone  wp-image-1108\" src=\"http:\/\/www.tondointeractive.com\/lance8\/wp-content\/uploads\/ITunes_Logo.png\" alt=\"ITunes_Logo\" width=\"53\" height=\"53\" srcset=\"http:\/\/www.tondointeractive.com\/lance8\/wp-content\/uploads\/ITunes_Logo.png 256w, http:\/\/www.tondointeractive.com\/lance8\/wp-content\/uploads\/ITunes_Logo-150x150.png 150w, http:\/\/www.tondointeractive.com\/lance8\/wp-content\/uploads\/ITunes_Logo-100x100.png 100w\" sizes=\"(max-width: 53px) 100vw, 53px\" \/>iTunes \u00e0 la rubrique &#8220;classic rock&#8221;<\/p>\n<p>&#8211; Acheter le produit chez Antoine-Guillaume Tondo, disquaire \u00e0 Grenoble &#8211; RCS <span style=\"color: #000000;\">798 165 882 &#8211;\u00a0<\/span>:\u00a0<a href=\"http:\/\/www.corato.eu.com\">www.Corato.EU.com<\/a>\u00a0&#8211;\u00a0Facebook &#8220;Santarella Francesca&#8221; :\u00a0<a href=\"https:\/\/www.facebook.com\/pages\/Santarella-Francesca\/1381884722032270?ref=ts&amp;fref=ts\">https:\/\/www.facebook.com\/pages\/Santarella-Francesca\/1381884722032270?ref=ts&amp;fref=ts<\/a><\/p>\n","protected":false},"excerpt":{"rendered":"<p>Animation autour de Luc Ferrari &#8211;\u00a0www.lucferrari.org\u00a0&#8211;\u00a0propos\u00e9e\u00a0\u00e0 Grenoble, dans l&#8217;espace &#8220;Santarella Francesca&#8221;. Dur\u00e9e de l&#8217;animation : 3 heures &#8211; Public : 8 personnes, 45 euro. par personne. Co\u00fbt global : 360 euro. &#8211; R\u00e9servation : thesouvenirtrain@hotmail.fr Tel. depuis la France : &#8211; 09 80 74 77 76 &#8211; 06 80 86 75 38 &#8211; 06 61 [&hellip;]<\/p>\n","protected":false},"featured_media":1102,"comment_status":"open","ping_status":"closed","template":"","meta":[],"product_cat":[53,57],"product_tag":[],"yoast_head":"<!-- This site is optimized with the Yoast SEO plugin v18.0 - https:\/\/yoast.com\/wordpress\/plugins\/seo\/ -->\n<meta name=\"robots\" content=\"index, follow, max-snippet:-1, max-image-preview:large, max-video-preview:-1\" \/>\n<link rel=\"canonical\" href=\"http:\/\/www.tondointeractive.com\/lance8\/produit\/rien-presque-rien\/\" \/>\n<meta property=\"og:locale\" content=\"fr_FR\" \/>\n<meta property=\"og:type\" content=\"article\" \/>\n<meta property=\"og:title\" content=\"Rien... presque rien - Centre culturel italo-fran\u00e7ais\" \/>\n<meta property=\"og:description\" content=\"Animation autour de Luc Ferrari &#8211;\u00a0www.lucferrari.org\u00a0&#8211;\u00a0propos\u00e9e\u00a0\u00e0 Grenoble, dans l&#8217;espace &#8220;Santarella Francesca&#8221;. Dur\u00e9e de l&#8217;animation : 3 heures &#8211; Public : 8 personnes, 45 euro. par personne. Co\u00fbt global : 360 euro. &#8211; R\u00e9servation : thesouvenirtrain@hotmail.fr Tel. depuis la France : &#8211; 09 80 74 77 76 &#8211; 06 80 86 75 38 &#8211; 06 61 [&hellip;]\" \/>\n<meta property=\"og:url\" content=\"http:\/\/www.tondointeractive.com\/lance8\/produit\/rien-presque-rien\/\" \/>\n<meta property=\"og:site_name\" content=\"Centre culturel italo-fran\u00e7ais\" \/>\n<meta property=\"article:modified_time\" content=\"2024-10-26T02:39:34+00:00\" \/>\n<meta property=\"og:image\" content=\"http:\/\/www.tondointeractive.com\/lance8\/wp-content\/uploads\/37.jpg\" \/>\n\t<meta property=\"og:image:width\" content=\"1920\" \/>\n\t<meta property=\"og:image:height\" content=\"1103\" \/>\n\t<meta property=\"og:image:type\" content=\"image\/jpeg\" \/>\n<meta name=\"twitter:card\" content=\"summary_large_image\" \/>\n<meta name=\"twitter:label1\" content=\"Dur\u00e9e de lecture estim\u00e9e\" \/>\n\t<meta name=\"twitter:data1\" content=\"1 minute\" \/>\n<script type=\"application\/ld+json\" class=\"yoast-schema-graph\">{\"@context\":\"https:\/\/schema.org\",\"@graph\":[{\"@type\":\"WebSite\",\"@id\":\"http:\/\/www.tondointeractive.com\/lance8\/#website\",\"url\":\"http:\/\/www.tondointeractive.com\/lance8\/\",\"name\":\"Centre culturel italo-fran\u00e7ais\",\"description\":\"\",\"potentialAction\":[{\"@type\":\"SearchAction\",\"target\":{\"@type\":\"EntryPoint\",\"urlTemplate\":\"http:\/\/www.tondointeractive.com\/lance8\/?s={search_term_string}\"},\"query-input\":\"required name=search_term_string\"}],\"inLanguage\":\"fr-FR\"},{\"@type\":\"ImageObject\",\"@id\":\"http:\/\/www.tondointeractive.com\/lance8\/produit\/rien-presque-rien\/#primaryimage\",\"inLanguage\":\"fr-FR\",\"url\":\"http:\/\/www.tondointeractive.com\/lance8\/wp-content\/uploads\/37.jpg\",\"contentUrl\":\"http:\/\/www.tondointeractive.com\/lance8\/wp-content\/uploads\/37.jpg\",\"width\":1920,\"height\":1103},{\"@type\":\"WebPage\",\"@id\":\"http:\/\/www.tondointeractive.com\/lance8\/produit\/rien-presque-rien\/#webpage\",\"url\":\"http:\/\/www.tondointeractive.com\/lance8\/produit\/rien-presque-rien\/\",\"name\":\"Rien... presque rien - Centre culturel italo-fran\u00e7ais\",\"isPartOf\":{\"@id\":\"http:\/\/www.tondointeractive.com\/lance8\/#website\"},\"primaryImageOfPage\":{\"@id\":\"http:\/\/www.tondointeractive.com\/lance8\/produit\/rien-presque-rien\/#primaryimage\"},\"datePublished\":\"2014-09-08T09:28:48+00:00\",\"dateModified\":\"2024-10-26T02:39:34+00:00\",\"breadcrumb\":{\"@id\":\"http:\/\/www.tondointeractive.com\/lance8\/produit\/rien-presque-rien\/#breadcrumb\"},\"inLanguage\":\"fr-FR\",\"potentialAction\":[{\"@type\":\"ReadAction\",\"target\":[\"http:\/\/www.tondointeractive.com\/lance8\/produit\/rien-presque-rien\/\"]}]},{\"@type\":\"BreadcrumbList\",\"@id\":\"http:\/\/www.tondointeractive.com\/lance8\/produit\/rien-presque-rien\/#breadcrumb\",\"itemListElement\":[{\"@type\":\"ListItem\",\"position\":1,\"name\":\"Accueil\",\"item\":\"http:\/\/www.tondointeractive.com\/lance8\/\"},{\"@type\":\"ListItem\",\"position\":2,\"name\":\"Boutique\",\"item\":\"http:\/\/www.tondointeractive.com\/lance8\/\"},{\"@type\":\"ListItem\",\"position\":3,\"name\":\"Rien&#8230; presque rien\"}]}]}<\/script>\n<!-- \/ Yoast SEO plugin. -->","yoast_head_json":{"robots":{"index":"index","follow":"follow","max-snippet":"max-snippet:-1","max-image-preview":"max-image-preview:large","max-video-preview":"max-video-preview:-1"},"canonical":"http:\/\/www.tondointeractive.com\/lance8\/produit\/rien-presque-rien\/","og_locale":"fr_FR","og_type":"article","og_title":"Rien... presque rien - Centre culturel italo-fran\u00e7ais","og_description":"Animation autour de Luc Ferrari &#8211;\u00a0www.lucferrari.org\u00a0&#8211;\u00a0propos\u00e9e\u00a0\u00e0 Grenoble, dans l&#8217;espace &#8220;Santarella Francesca&#8221;. Dur\u00e9e de l&#8217;animation : 3 heures &#8211; Public : 8 personnes, 45 euro. par personne. Co\u00fbt global : 360 euro. &#8211; R\u00e9servation : thesouvenirtrain@hotmail.fr Tel. depuis la France : &#8211; 09 80 74 77 76 &#8211; 06 80 86 75 38 &#8211; 06 61 [&hellip;]","og_url":"http:\/\/www.tondointeractive.com\/lance8\/produit\/rien-presque-rien\/","og_site_name":"Centre culturel italo-fran\u00e7ais","article_modified_time":"2024-10-26T02:39:34+00:00","og_image":[{"width":1920,"height":1103,"url":"http:\/\/www.tondointeractive.com\/lance8\/wp-content\/uploads\/37.jpg","type":"image\/jpeg"}],"twitter_card":"summary_large_image","twitter_misc":{"Dur\u00e9e de lecture estim\u00e9e":"1 minute"},"schema":{"@context":"https:\/\/schema.org","@graph":[{"@type":"WebSite","@id":"http:\/\/www.tondointeractive.com\/lance8\/#website","url":"http:\/\/www.tondointeractive.com\/lance8\/","name":"Centre culturel italo-fran\u00e7ais","description":"","potentialAction":[{"@type":"SearchAction","target":{"@type":"EntryPoint","urlTemplate":"http:\/\/www.tondointeractive.com\/lance8\/?s={search_term_string}"},"query-input":"required name=search_term_string"}],"inLanguage":"fr-FR"},{"@type":"ImageObject","@id":"http:\/\/www.tondointeractive.com\/lance8\/produit\/rien-presque-rien\/#primaryimage","inLanguage":"fr-FR","url":"http:\/\/www.tondointeractive.com\/lance8\/wp-content\/uploads\/37.jpg","contentUrl":"http:\/\/www.tondointeractive.com\/lance8\/wp-content\/uploads\/37.jpg","width":1920,"height":1103},{"@type":"WebPage","@id":"http:\/\/www.tondointeractive.com\/lance8\/produit\/rien-presque-rien\/#webpage","url":"http:\/\/www.tondointeractive.com\/lance8\/produit\/rien-presque-rien\/","name":"Rien... presque rien - Centre culturel italo-fran\u00e7ais","isPartOf":{"@id":"http:\/\/www.tondointeractive.com\/lance8\/#website"},"primaryImageOfPage":{"@id":"http:\/\/www.tondointeractive.com\/lance8\/produit\/rien-presque-rien\/#primaryimage"},"datePublished":"2014-09-08T09:28:48+00:00","dateModified":"2024-10-26T02:39:34+00:00","breadcrumb":{"@id":"http:\/\/www.tondointeractive.com\/lance8\/produit\/rien-presque-rien\/#breadcrumb"},"inLanguage":"fr-FR","potentialAction":[{"@type":"ReadAction","target":["http:\/\/www.tondointeractive.com\/lance8\/produit\/rien-presque-rien\/"]}]},{"@type":"BreadcrumbList","@id":"http:\/\/www.tondointeractive.com\/lance8\/produit\/rien-presque-rien\/#breadcrumb","itemListElement":[{"@type":"ListItem","position":1,"name":"Accueil","item":"http:\/\/www.tondointeractive.com\/lance8\/"},{"@type":"ListItem","position":2,"name":"Boutique","item":"http:\/\/www.tondointeractive.com\/lance8\/"},{"@type":"ListItem","position":3,"name":"Rien&#8230; presque rien"}]}]}},"_links":{"self":[{"href":"http:\/\/www.tondointeractive.com\/lance8\/wp-json\/wp\/v2\/product\/1104"}],"collection":[{"href":"http:\/\/www.tondointeractive.com\/lance8\/wp-json\/wp\/v2\/product"}],"about":[{"href":"http:\/\/www.tondointeractive.com\/lance8\/wp-json\/wp\/v2\/types\/product"}],"replies":[{"embeddable":true,"href":"http:\/\/www.tondointeractive.com\/lance8\/wp-json\/wp\/v2\/comments?post=1104"}],"wp:featuredmedia":[{"embeddable":true,"href":"http:\/\/www.tondointeractive.com\/lance8\/wp-json\/wp\/v2\/media\/1102"}],"wp:attachment":[{"href":"http:\/\/www.tondointeractive.com\/lance8\/wp-json\/wp\/v2\/media?parent=1104"}],"wp:term":[{"taxonomy":"product_cat","embeddable":true,"href":"http:\/\/www.tondointeractive.com\/lance8\/wp-json\/wp\/v2\/product_cat?post=1104"},{"taxonomy":"product_tag","embeddable":true,"href":"http:\/\/www.tondointeractive.com\/lance8\/wp-json\/wp\/v2\/product_tag?post=1104"}],"curies":[{"name":"wp","href":"https:\/\/api.w.org\/{rel}","templated":true}]}}